{"id":3397,"date":"2022-01-03T11:59:40","date_gmt":"2022-01-03T08:59:40","guid":{"rendered":"https:\/\/altismobilya.com\/urun\/nora-modern-kose-takimi\/"},"modified":"2022-01-29T12:11:39","modified_gmt":"2022-01-29T09:11:39","slug":"nora-modern-kose-takimi","status":"publish","type":"product","link":"https:\/\/altismobilya.com\/en\/product\/nora-modern-kose-takimi\/","title":{"rendered":"Nora Modern K\u00f6\u015fe Tak\u0131m\u0131"},"content":{"rendered":"","protected":false},"excerpt":{"rendered":"","protected":false},"featured_media":3680,"template":"","meta":[],"product_cat":[76],"product_tag":[],"_links":{"self":[{"href":"https:\/\/altismobilya.com\/en\/wp-json\/wp\/v2\/product\/3397"}],"collection":[{"href":"https:\/\/altismobilya.com\/en\/wp-json\/wp\/v2\/product"}],"about":[{"href":"https:\/\/altismobilya.com\/en\/wp-json\/wp\/v2\/types\/product"}],"wp:featuredmedia":[{"embeddable":true,"href":"https:\/\/altismobilya.com\/en\/wp-json\/wp\/v2\/media\/3680"}],"wp:attachment":[{"href":"https:\/\/altismobilya.com\/en\/wp-json\/wp\/v2\/media?parent=3397"}],"wp:term":[{"taxonomy":"product_cat","embeddable":true,"href":"https:\/\/altismobilya.com\/en\/wp-json\/wp\/v2\/product_cat?post=3397"},{"taxonomy":"product_tag","embeddable":true,"href":"https:\/\/altismobilya.com\/en\/wp-json\/wp\/v2\/product_tag?post=3397"}],"curies":[{"name":"wp","href":"https:\/\/api.w.org\/{rel}","templated":true}]}}