{"id":40,"date":"2018-02-06T14:50:56","date_gmt":"2018-02-06T11:50:56","guid":{"rendered":"http:\/\/altismobilya.com\/?page_id=40"},"modified":"2021-12-30T09:50:30","modified_gmt":"2021-12-30T06:50:30","slug":"hakkimizda","status":"publish","type":"page","link":"https:\/\/altismobilya.com\/en\/hakkimizda\/","title":{"rendered":"ABOUT US"},"content":{"rendered":"<div class=\"vc_row wpb_row vc_row-fluid\"><div class=\"wpb_column vc_column_container vc_col-sm-12\"><div class=\"vc_column-inner\"><div class=\"wpb_wrapper\">\r\n\t\t\t<div class=\"promo-banner text-center vertical-alignment-top banner- hover- color-scheme-light\"  >\r\n\r\n\t\t\t\t<div class=\"main-wrapp-img\">\r\n\t\t\t\t\t<div class=\"banner-image\">\r\n\t\t\t\t\t\t\t\t\t\t\t\t\t\t\t\t\t\t\t\t\t<img width=\"1094\" height=\"571\" src=\"data:image\/jpg;base64,\/9j\/4AAQSkZJRgABAQAAAQABAAD\/\/gA7Q1JFQVRPUjogZ2QtanBlZyB2MS4wICh1c2luZyBJSkcgSlBFRyB2OTApLCBxdWFsaXR5ID0gODIK\/9sAQwAGBAQFBAQGBQUFBgYGBwkOCQkICAkSDQ0KDhUSFhYVEhQUFxohHBcYHxkUFB0nHR8iIyUlJRYcKSwoJCshJCUk\/9sAQwEGBgYJCAkRCQkRJBgUGCQkJCQkJCQkJCQkJCQkJCQkJCQkJCQkJCQkJCQkJCQkJCQkJCQkJCQkJCQkJCQkJCQk\/8AAEQgACgAUAwEiAAIRAQMRAf\/EAB8AAAEFAQEBAQEBAAAAAAAAAAABAgMEBQYHCAkKC\/\/EALUQAAIBAwMCBAMFBQQEAAABfQECAwAEEQUSITFBBhNRYQcicRQygZGhCCNCscEVUtHwJDNicoIJChYXGBkaJSYnKCkqNDU2Nzg5OkNERUZHSElKU1RVVldYWVpjZGVmZ2hpanN0dXZ3eHl6g4SFhoeIiYqSk5SVlpeYmZqio6Slpqeoqaqys7S1tre4ubrCw8TFxsfIycrS09TV1tfY2drh4uPk5ebn6Onq8fLz9PX29\/j5+v\/EAB8BAAMBAQEBAQEBAQEAAAAAAAABAgMEBQYHCAkKC\/\/EALURAAIBAgQEAwQHBQQEAAECdwABAgMRBAUhMQYSQVEHYXETIjKBCBRCkaGxwQkjM1LwFWJy0QoWJDThJfEXGBkaJicoKSo1Njc4OTpDREVGR0hJSlNUVVZXWFlaY2RlZmdoaWpzdHV2d3h5eoKDhIWGh4iJipKTlJWWl5iZmqKjpKWmp6ipqrKztLW2t7i5usLDxMXGx8jJytLT1NXW19jZ2uLj5OXm5+jp6vLz9PX29\/j5+v\/aAAwDAQACEQMRAD8A5fxBpb+dHpJvY767WGQlzCAF+dCMMuQflx06Vy934bmtNVsZZPIMZ1AEFM4ALD1A5GORXqk9lbagZoLy2huYflPlzIHXPrg1i6ho2mafG81np1nbSgHDwwqjD8QKllHU3GpeHZDGkM1xI8MaxzM9sWHmYywUhSCvP55ormjNIwUmRydo6k0VXKHMf\/\/Z\" class=\"promo-banner-image image-1 attachment-full basel-lazy-load basel-lazy-fade\" alt=\"Altis Luxury\" loading=\"lazy\" data-basel-src=\"https:\/\/altismobilya.com\/wp-content\/uploads\/2020\/05\/altis-hakkimizda.jpg\" srcset=\"\" \/>\t\t\t\t\t\t\t\t\t\t\t\t\t\t\t\t\t\t<\/div>\r\n\t\t\t\t<\/div>\r\n\r\n\t\t\t\t<div class=\"wrapper-content-baner\">\r\n\t\t\t\t\t<div class=\"banner-inner\">\r\n\t\t\t\t\t\t\t\t\t\t\t<\/div>\r\n\t\t\t\t<\/div>\r\n\r\n\t\t\t<\/div>\r\n\r\n\r\n\t\t<\/div><\/div><\/div><\/div><div class=\"vc_row wpb_row vc_row-fluid\"><div class=\"wpb_column vc_column_container vc_col-sm-12\"><div class=\"vc_column-inner\"><div class=\"wpb_wrapper\"><div id=\"row_hakkimizda\" class=\"vc_row wpb_row vc_inner vc_row-fluid\"><div class=\"wpb_column vc_column_container vc_col-sm-12\"><div class=\"vc_column-inner\"><div class=\"wpb_wrapper\">\n\t<div class=\"wpb_text_column wpb_content_element\" >\n\t\t<div class=\"wpb_wrapper\">\n\t\t\t<h2>ABOUT US<\/h2>\n<p class=\"translation-block\">As a product of thought that has been going on since 1958, Altis; It was established in Balikesir. Our brand, which stepped into the sector by producing both wholesale and retail home furniture; self-actualization in an ever-growing and store-bought framework<br>\ncontinued the process.<\/p>\n<p class=\"translation-block\">It is very open to innovation, has lines that likes to make a difference, and it is<br>\nAltis, who does it expertly; It tells a story that has lasted for generations. Perceiving this process as a legacy and combining it with discipline, Altis Furniture grows by being inspired by the future.<\/p>\n<p class=\"translation-block\">Since 2009, it has also included details such as curtains, wallpaper and accessories, which are complementary elements. With its quality and distinctive design approach, products with a specific identity, and its structure that focuses on experience, Altis brings life<br><\/p>\n<h2>MISSION<\/h2>\n<p>Altis; With all the principles it has adopted, it has adopted the principle of quality production by behaving respectfully to nature, people and all social rights. Altis in the sense of mission; has aimed to progress in an expert framework in every field from production to after-sales.<\/p>\n<h2>VISION<\/h2>\n<p>Managing the production and sales processes with an effective and authorized brand positioning on a global scale defines the vision of Altis Furniture.<\/p>\n\n\t\t<\/div>\n\t<\/div>\n<\/div><\/div><\/div><\/div><\/div><\/div><\/div><\/div>","protected":false},"excerpt":{"rendered":"HAKKIMIZDA 1958 y\u0131l\u0131ndan beri s\u00fcregelen bir d\u00fc\u015f\u00fcn \u00fcr\u00fcn\u00fc olarak Altis; Bal\u0131kesir merkezli olarak kurulmu\u015ftur. Hem toptan hem perakende ev mobilyas\u0131","protected":false},"author":1,"featured_media":0,"parent":0,"menu_order":1,"comment_status":"closed","ping_status":"closed","template":"","meta":[],"_links":{"self":[{"href":"https:\/\/altismobilya.com\/en\/wp-json\/wp\/v2\/pages\/40"}],"collection":[{"href":"https:\/\/altismobilya.com\/en\/wp-json\/wp\/v2\/pages"}],"about":[{"href":"https:\/\/altismobilya.com\/en\/wp-json\/wp\/v2\/types\/page"}],"author":[{"embeddable":true,"href":"https:\/\/altismobilya.com\/en\/wp-json\/wp\/v2\/users\/1"}],"replies":[{"embeddable":true,"href":"https:\/\/altismobilya.com\/en\/wp-json\/wp\/v2\/comments?post=40"}],"version-history":[{"count":13,"href":"https:\/\/altismobilya.com\/en\/wp-json\/wp\/v2\/pages\/40\/revisions"}],"predecessor-version":[{"id":3024,"href":"https:\/\/altismobilya.com\/en\/wp-json\/wp\/v2\/pages\/40\/revisions\/3024"}],"wp:attachment":[{"href":"https:\/\/altismobilya.com\/en\/wp-json\/wp\/v2\/media?parent=40"}],"curies":[{"name":"wp","href":"https:\/\/api.w.org\/{rel}","templated":true}]}}