{"id":29,"date":"2018-02-06T20:15:21","date_gmt":"2018-02-06T17:15:21","guid":{"rendered":"http:\/\/altismobilya.com\/?page_id=29"},"modified":"2022-07-21T16:39:59","modified_gmt":"2022-07-21T13:39:59","slug":"iletisim","status":"publish","type":"page","link":"https:\/\/altismobilya.com\/en\/iletisim\/","title":{"rendered":"CONTACT"},"content":{"rendered":"<div class=\"vc_row wpb_row vc_row-fluid\"><div class=\"wpb_column vc_column_container vc_col-sm-12\"><div class=\"vc_column-inner\"><div class=\"wpb_wrapper\">\r\n\t\t\t<div class=\"promo-banner text-center vertical-alignment-top banner- hover- color-scheme-light\"  >\r\n\r\n\t\t\t\t<div class=\"main-wrapp-img\">\r\n\t\t\t\t\t<div class=\"banner-image\">\r\n\t\t\t\t\t\t\t\t\t\t\t\t\t\t\t\t\t\t\t\t\t<img width=\"1202\" height=\"427\" src=\"data:image\/;base64,\" class=\"promo-banner-image image-1 attachment-full basel-lazy-load basel-lazy-fade\" alt=\"\" loading=\"lazy\" srcset=\"\" sizes=\"(max-width: 1202px) 100vw, 1202px\" data-basel-src=\"https:\/\/altismobilya.com\/wp-content\/uploads\/2020\/03\/altis-ileti\u015fim.jpg\" data-srcset=\"https:\/\/altismobilya.com\/wp-content\/uploads\/2020\/03\/altis-ileti\u015fim.jpg 1202w, https:\/\/altismobilya.com\/wp-content\/uploads\/2020\/03\/altis-ileti\u015fim-1200x426.jpg 1200w, https:\/\/altismobilya.com\/wp-content\/uploads\/2020\/03\/altis-ileti\u015fim-300x107.jpg 300w, https:\/\/altismobilya.com\/wp-content\/uploads\/2020\/03\/altis-ileti\u015fim-768x273.jpg 768w, https:\/\/altismobilya.com\/wp-content\/uploads\/2020\/03\/altis-ileti\u015fim-1024x364.jpg 1024w\" \/>\t\t\t\t\t\t\t\t\t\t\t\t\t\t\t\t\t\t<\/div>\r\n\t\t\t\t<\/div>\r\n\r\n\t\t\t\t<div class=\"wrapper-content-baner\">\r\n\t\t\t\t\t<div class=\"banner-inner\">\r\n\t\t\t\t\t\t\t\t\t\t\t<\/div>\r\n\t\t\t\t<\/div>\r\n\r\n\t\t\t<\/div>\r\n\r\n\r\n\t\t<\/div><\/div><\/div><\/div><div class=\"vc_row wpb_row vc_row-fluid\"><div class=\"wpb_column vc_column_container vc_col-sm-12\"><div class=\"vc_column-inner\"><div class=\"wpb_wrapper\"><div id=\"row_iletisim\" class=\"vc_row wpb_row vc_inner vc_row-fluid\"><div class=\"wpb_column vc_column_container vc_col-sm-6\"><div class=\"vc_column-inner\"><div class=\"wpb_wrapper\">\n\t<div class=\"wpb_text_column wpb_content_element\" >\n\t\t<div class=\"wpb_wrapper\">\n\t\t\t<h2>CONTACT<\/h2>\n<p>Address: \u00c7\u0131kr\u0131k\u00e7\u0131 Cd. No 7, 35270 Menderes \/ \u0130zmir<\/p>\n<p>Telephone: <a title=\"CONTACT\" href=\"tel:02322575553\">0(232) 257 55 53 <\/a><\/p>\n<p>Mobile: <a title=\"CONTACT\" href=\"tel:+905336598045\">0(533) 659 80 45 <\/a><\/p>\n<p>Email: <a title=\"CONTACT\" href=\"mailto:info@altismobilya.com\">info@altismobilya.com<\/a><\/p>\n<p>&nbsp;<\/p>\n<p>&nbsp;<\/p>\n<h2>Working Hours<\/h2>\n<p>Monday \u2013 Saturday 10:00 \u2013 18:00<\/p>\n<p>Sunday 12:00 \u2013 18:00<\/p>\n\n\t\t<\/div>\n\t<\/div>\n<\/div><\/div><\/div><div class=\"wpb_column vc_column_container vc_col-sm-6\" id=\"column_form\"><div class=\"vc_column-inner\"><div class=\"wpb_wrapper\">\n\t<div class=\"wpb_text_column wpb_content_element vc_custom_1584969034872\" >\n\t\t<div class=\"wpb_wrapper\">\n\t\t\t<h2>Contact Form<\/h2>\n\n\t\t<\/div>\n\t<\/div>\n<div role=\"form\" class=\"wpcf7\" id=\"wpcf7-f10-o1\" lang=\"tr-TR\" dir=\"ltr\">\n<div class=\"screen-reader-response\"><\/div>\n<form action=\"\/en\/wp-json\/wp\/v2\/pages\/29#wpcf7-f10-o1\" method=\"post\" class=\"wpcf7-form\" novalidate=\"novalidate\" data-trp-original-action=\"\/en\/wp-json\/wp\/v2\/pages\/29#wpcf7-f10-o1\">\n<div style=\"display: none;\">\n<input type=\"hidden\" name=\"_wpcf7\" value=\"10\" \/>\n<input type=\"hidden\" name=\"_wpcf7_version\" value=\"5.1.4\" \/>\n<input type=\"hidden\" name=\"_wpcf7_locale\" value=\"tr_TR\" \/>\n<input type=\"hidden\" name=\"_wpcf7_unit_tag\" value=\"wpcf7-f10-o1\" \/>\n<input type=\"hidden\" name=\"_wpcf7_container_post\" value=\"0\" \/>\n<\/div>\n<section> Name <span class=\"wpcf7-form-control-wrap your-name\"><input type=\"text\" name=\"your-name\" value=\"\" size=\"40\" class=\"wpcf7-form-control wpcf7-text wpcf7-validates-as-required\" aria-required=\"true\" aria-invalid=\"false\" \/><\/span>  E-mail<span class=\"wpcf7-form-control-wrap your-email\"><input type=\"email\" name=\"your-email\" value=\"\" size=\"40\" class=\"wpcf7-form-control wpcf7-text wpcf7-email wpcf7-validates-as-required wpcf7-validates-as-email\" aria-required=\"true\" aria-invalid=\"false\" \/><\/span> <\/section>\n<p>Subject <span class=\"wpcf7-form-control-wrap your-subject\"><input type=\"text\" name=\"your-subject\" value=\"\" size=\"40\" class=\"wpcf7-form-control wpcf7-text\" aria-invalid=\"false\" \/><\/span> <\/p>\n<p>Message <span class=\"wpcf7-form-control-wrap your-message\"><textarea name=\"your-message\" cols=\"40\" rows=\"10\" class=\"wpcf7-form-control wpcf7-textarea\" aria-invalid=\"false\"><\/textarea><\/span> <\/p>\n<p><input type=\"submit\" value=\"Submit\" class=\"wpcf7-form-control wpcf7-submit\" \/><\/p>\n<div class=\"wpcf7-response-output wpcf7-display-none\"><\/div><input type=\"hidden\" name=\"trp-form-language\" value=\"en\"\/><\/form><\/div><\/div><\/div><\/div><\/div><\/div><\/div><\/div><\/div>","protected":false},"excerpt":{"rendered":"\u0130leti\u015fim Adres: \u00c7\u0131kr\u0131k\u00e7\u0131 Cd. No 7, 35270 Menderes \/ \u0130zmir Telefon: 0(232) 257 55 53 Mobil: 0(533) 659 80 45","protected":false},"author":1,"featured_media":0,"parent":0,"menu_order":10,"comment_status":"closed","ping_status":"closed","template":"","meta":[],"_links":{"self":[{"href":"https:\/\/altismobilya.com\/en\/wp-json\/wp\/v2\/pages\/29"}],"collection":[{"href":"https:\/\/altismobilya.com\/en\/wp-json\/wp\/v2\/pages"}],"about":[{"href":"https:\/\/altismobilya.com\/en\/wp-json\/wp\/v2\/types\/page"}],"author":[{"embeddable":true,"href":"https:\/\/altismobilya.com\/en\/wp-json\/wp\/v2\/users\/1"}],"replies":[{"embeddable":true,"href":"https:\/\/altismobilya.com\/en\/wp-json\/wp\/v2\/comments?post=29"}],"version-history":[{"count":18,"href":"https:\/\/altismobilya.com\/en\/wp-json\/wp\/v2\/pages\/29\/revisions"}],"predecessor-version":[{"id":4234,"href":"https:\/\/altismobilya.com\/en\/wp-json\/wp\/v2\/pages\/29\/revisions\/4234"}],"wp:attachment":[{"href":"https:\/\/altismobilya.com\/en\/wp-json\/wp\/v2\/media?parent=29"}],"curies":[{"name":"wp","href":"https:\/\/api.w.org\/{rel}","templated":true}]}}