{"id":2289,"date":"2020-05-12T11:49:13","date_gmt":"2020-05-12T08:49:13","guid":{"rendered":"http:\/\/altismobilya.com\/?page_id=2289"},"modified":"2020-09-09T10:41:32","modified_gmt":"2020-09-09T07:41:32","slug":"dogal-hasir-ve-mantar-duvar-kagidi","status":"publish","type":"page","link":"https:\/\/altismobilya.com\/en\/duvar-kaplama\/dogal-hasir-ve-mantar-duvar-kagidi\/","title":{"rendered":"Do\u011fal Has\u0131r ve Mantar Duvar Ka\u011f\u0131d\u0131"},"content":{"rendered":"<div class=\"vc_row wpb_row vc_row-fluid vc_custom_1589269375610\"><div class=\"wpb_column vc_column_container vc_col-sm-3\"><div class=\"vc_column-inner\"><div class=\"wpb_wrapper\">\n\t<div  class=\"wpb_single_image wpb_content_element vc_align_center wpb_animate_when_almost_visible wpb_fadeIn fadeIn\">\n\t\t\n\t\t<figure class=\"wpb_wrapper vc_figure\">\n\t\t\t<a href=\"http:\/\/altismobilya.com\/en\/duvar-kaplama\/dogal-hasir-ve-mantar-duvar-kagidi\/greenland-dogal-hasir-ve-mantar-duvar-kagidi\/\" target=\"_self\" class=\"vc_single_image-wrapper   vc_box_border_grey\"><img width=\"500\" height=\"500\" src=\"data:image\/jpg;base64,\/9j\/4AAQSkZJRgABAQAAAQABAAD\/\/gA7Q1JFQVRPUjogZ2QtanBlZyB2MS4wICh1c2luZyBJSkcgSlBFRyB2OTApLCBxdWFsaXR5ID0gODIK\/9sAQwAGBAQFBAQGBQUFBgYGBwkOCQkICAkSDQ0KDhUSFhYVEhQUFxohHBcYHxkUFB0nHR8iIyUlJRYcKSwoJCshJCUk\/9sAQwEGBgYJCAkRCQkRJBgUGCQkJCQkJCQkJCQkJCQkJCQkJCQkJCQkJCQkJCQkJCQkJCQkJCQkJCQkJCQkJCQkJCQk\/8AAEQgACgAKAwEiAAIRAQMRAf\/EAB8AAAEFAQEBAQEBAAAAAAAAAAABAgMEBQYHCAkKC\/\/EALUQAAIBAwMCBAMFBQQEAAABfQECAwAEEQUSITFBBhNRYQcicRQygZGhCCNCscEVUtHwJDNicoIJChYXGBkaJSYnKCkqNDU2Nzg5OkNERUZHSElKU1RVVldYWVpjZGVmZ2hpanN0dXZ3eHl6g4SFhoeIiYqSk5SVlpeYmZqio6Slpqeoqaqys7S1tre4ubrCw8TFxsfIycrS09TV1tfY2drh4uPk5ebn6Onq8fLz9PX29\/j5+v\/EAB8BAAMBAQEBAQEBAQEAAAAAAAABAgMEBQYHCAkKC\/\/EALURAAIBAgQEAwQHBQQEAAECdwABAgMRBAUhMQYSQVEHYXETIjKBCBRCkaGxwQkjM1LwFWJy0QoWJDThJfEXGBkaJicoKSo1Njc4OTpDREVGR0hJSlNUVVZXWFlaY2RlZmdoaWpzdHV2d3h5eoKDhIWGh4iJipKTlJWWl5iZmqKjpKWmp6ipqrKztLW2t7i5usLDxMXGx8jJytLT1NXW19jZ2uLj5OXm5+jp6vLz9PX29\/j5+v\/aAAwDAQACEQMRAD8A+i49S8QbXzplmWD4BeeRQRx02xtx1GSc8ZwM4qf7ZrR5+zaeue3mSnH47B\/KteigD\/\/Z\" class=\"vc_single_image-img attachment-full basel-lazy-load basel-lazy-fade\" alt=\"\" loading=\"lazy\" srcset=\"\" sizes=\"(max-width: 500px) 100vw, 500px\" data-basel-src=\"https:\/\/altismobilya.com\/wp-content\/uploads\/2020\/05\/greenland.jpg\" data-srcset=\"https:\/\/altismobilya.com\/wp-content\/uploads\/2020\/05\/greenland.jpg 500w, https:\/\/altismobilya.com\/wp-content\/uploads\/2020\/05\/greenland-100x100.jpg 100w, https:\/\/altismobilya.com\/wp-content\/uploads\/2020\/05\/greenland-150x150.jpg 150w, https:\/\/altismobilya.com\/wp-content\/uploads\/2020\/05\/greenland-300x300.jpg 300w\" \/><\/a>\n\t\t<\/figure>\n\t<\/div>\n\n\t<div class=\"wpb_text_column wpb_content_element\" >\n\t\t<div class=\"wpb_wrapper\">\n\t\t\t<p><a class=\"btnkesfet\" href=\"http:\/\/altismobilya.com\/en\/duvar-kaplama\/dogal-hasir-ve-mantar-duvar-kagidi\/greenland-dogal-hasir-ve-mantar-duvar-kagidi\/\">Koleksiyonu incele\u00a0 &gt;<\/a><\/p>\n\n\t\t<\/div>\n\t<\/div>\n<\/div><\/div><\/div><div class=\"wpb_column vc_column_container vc_col-sm-3\"><div class=\"vc_column-inner\"><div class=\"wpb_wrapper\"><\/div><\/div><\/div><div class=\"wpb_column vc_column_container vc_col-sm-3\"><div class=\"vc_column-inner\"><div class=\"wpb_wrapper\"><\/div><\/div><\/div><div class=\"wpb_column vc_column_container vc_col-sm-3\"><div class=\"vc_column-inner\"><div class=\"wpb_wrapper\"><\/div><\/div><\/div><\/div><div class=\"vc_row wpb_row vc_row-fluid\"><div class=\"wpb_column vc_column_container vc_col-sm-12\"><div class=\"vc_column-inner\"><div class=\"wpb_wrapper\">\n\t<div class=\"wpb_raw_code wpb_content_element wpb_raw_html\" >\n\t\t<div class=\"wpb_wrapper\">\n\t\t\t<style>\n.site-content img.vc_single_image-img:hover {\n    transform: scale(1.05);\n}\n<\/style>\n\t\t<\/div>\n\t<\/div>\n<\/div><\/div><\/div><\/div>","protected":false},"excerpt":{"rendered":"Koleksiyonu incele\u00a0 &gt; .site-content img.vc_single_image-img:hover { transform: scale(1.05); }","protected":false},"author":1,"featured_media":0,"parent":2183,"menu_order":0,"comment_status":"closed","ping_status":"closed","template":"","meta":[],"_links":{"self":[{"href":"https:\/\/altismobilya.com\/en\/wp-json\/wp\/v2\/pages\/2289"}],"collection":[{"href":"https:\/\/altismobilya.com\/en\/wp-json\/wp\/v2\/pages"}],"about":[{"href":"https:\/\/altismobilya.com\/en\/wp-json\/wp\/v2\/types\/page"}],"author":[{"embeddable":true,"href":"https:\/\/altismobilya.com\/en\/wp-json\/wp\/v2\/users\/1"}],"replies":[{"embeddable":true,"href":"https:\/\/altismobilya.com\/en\/wp-json\/wp\/v2\/comments?post=2289"}],"version-history":[{"count":4,"href":"https:\/\/altismobilya.com\/en\/wp-json\/wp\/v2\/pages\/2289\/revisions"}],"predecessor-version":[{"id":2432,"href":"https:\/\/altismobilya.com\/en\/wp-json\/wp\/v2\/pages\/2289\/revisions\/2432"}],"up":[{"embeddable":true,"href":"https:\/\/altismobilya.com\/en\/wp-json\/wp\/v2\/pages\/2183"}],"wp:attachment":[{"href":"https:\/\/altismobilya.com\/en\/wp-json\/wp\/v2\/media?parent=2289"}],"curies":[{"name":"wp","href":"https:\/\/api.w.org\/{rel}","templated":true}]}}