{"id":2183,"date":"2020-05-12T10:09:07","date_gmt":"2020-05-12T07:09:07","guid":{"rendered":"http:\/\/altismobilya.com\/?page_id=2183"},"modified":"2022-07-21T16:26:47","modified_gmt":"2022-07-21T13:26:47","slug":"duvar-kaplama","status":"publish","type":"page","link":"https:\/\/altismobilya.com\/en\/duvar-kaplama\/","title":{"rendered":"WALL COVERING"},"content":{"rendered":"<div class=\"vc_row wpb_row vc_row-fluid\"><div class=\"wpb_column vc_column_container vc_col-sm-12\"><div class=\"vc_column-inner\"><div class=\"wpb_wrapper\">\n\t<div class=\"wpb_text_column wpb_content_element\" >\n\t\t<div class=\"wpb_wrapper\">\n\t\t\t<h4 style=\"text-align: center;\">WALL COVERING<\/h4>\n\n\t\t<\/div>\n\t<\/div>\n<\/div><\/div><\/div><\/div><div id=\"row_kategori\" class=\"vc_row wpb_row vc_row-fluid wpb_animate_when_almost_visible wpb_slideInUp slideInUp vc_custom_1589289137299\"><div class=\"wpb_column vc_column_container vc_col-sm-12\"><div class=\"vc_column-inner\"><div class=\"wpb_wrapper\"><div class=\"vc_row wpb_row vc_inner vc_row-fluid title\"><div class=\"wpb_column vc_column_container vc_col-sm-4\"><div class=\"vc_column-inner vc_custom_1583742020038\"><div class=\"wpb_wrapper\">\r\n\t\t\t<div class=\"promo-banner text-left vertical-alignment-top banner- hover-1 color-scheme-light\"  >\r\n\r\n\t\t\t\t<div class=\"main-wrapp-img\">\r\n\t\t\t\t\t<div class=\"banner-image\">\r\n\t\t\t\t\t\t\t\t\t\t\t\t\t\t\t\t\t\t\t\t\t<img width=\"800\" height=\"1200\" src=\"data:image\/jpg;base64,\/9j\/4AAQSkZJRgABAQAAAQABAAD\/\/gA7Q1JFQVRPUjogZ2QtanBlZyB2MS4wICh1c2luZyBJSkcgSlBFRyB2OTApLCBxdWFsaXR5ID0gODIK\/9sAQwAGBAQFBAQGBQUFBgYGBwkOCQkICAkSDQ0KDhUSFhYVEhQUFxohHBcYHxkUFB0nHR8iIyUlJRYcKSwoJCshJCUk\/9sAQwEGBgYJCAkRCQkRJBgUGCQkJCQkJCQkJCQkJCQkJCQkJCQkJCQkJCQkJCQkJCQkJCQkJCQkJCQkJCQkJCQkJCQk\/8AAEQgADwAKAwEiAAIRAQMRAf\/EAB8AAAEFAQEBAQEBAAAAAAAAAAABAgMEBQYHCAkKC\/\/EALUQAAIBAwMCBAMFBQQEAAABfQECAwAEEQUSITFBBhNRYQcicRQygZGhCCNCscEVUtHwJDNicoIJChYXGBkaJSYnKCkqNDU2Nzg5OkNERUZHSElKU1RVVldYWVpjZGVmZ2hpanN0dXZ3eHl6g4SFhoeIiYqSk5SVlpeYmZqio6Slpqeoqaqys7S1tre4ubrCw8TFxsfIycrS09TV1tfY2drh4uPk5ebn6Onq8fLz9PX29\/j5+v\/EAB8BAAMBAQEBAQEBAQEAAAAAAAABAgMEBQYHCAkKC\/\/EALURAAIBAgQEAwQHBQQEAAECdwABAgMRBAUhMQYSQVEHYXETIjKBCBRCkaGxwQkjM1LwFWJy0QoWJDThJfEXGBkaJicoKSo1Njc4OTpDREVGR0hJSlNUVVZXWFlaY2RlZmdoaWpzdHV2d3h5eoKDhIWGh4iJipKTlJWWl5iZmqKjpKWmp6ipqrKztLW2t7i5usLDxMXGx8jJytLT1NXW19jZ2uLj5OXm5+jp6vLz9PX29\/j5+v\/aAAwDAQACEQMRAD8A7PQdQtNdijuIVI08FpIojGEywJXLAdTlTj0zWz+57BQPqahtDbx7IP7OhtrUZwtvhNmWLEgZ9ST+NaRstMBwLyXA6fuj\/jXItdjV+Z\/\/2Q==\" class=\"promo-banner-image image-1 attachment-full basel-lazy-load basel-lazy-fade\" alt=\"\" loading=\"lazy\" srcset=\"\" sizes=\"(max-width: 800px) 100vw, 800px\" data-basel-src=\"https:\/\/altismobilya.com\/wp-content\/uploads\/2020\/05\/tech-inspirations-11805bac93f8b9d19.jpg\" data-srcset=\"https:\/\/altismobilya.com\/wp-content\/uploads\/2020\/05\/tech-inspirations-11805bac93f8b9d19.jpg 800w, https:\/\/altismobilya.com\/wp-content\/uploads\/2020\/05\/tech-inspirations-11805bac93f8b9d19-200x300.jpg 200w, https:\/\/altismobilya.com\/wp-content\/uploads\/2020\/05\/tech-inspirations-11805bac93f8b9d19-768x1152.jpg 768w, https:\/\/altismobilya.com\/wp-content\/uploads\/2020\/05\/tech-inspirations-11805bac93f8b9d19-683x1024.jpg 683w\" \/>\t\t\t\t\t\t\t\t\t\t\t\t\t\t\t\t\t\t<\/div>\r\n\t\t\t\t<\/div>\r\n\r\n\t\t\t\t<div class=\"wrapper-content-baner\">\r\n\t\t\t\t\t<div class=\"banner-inner\">\r\n\t\t\t\t\t\t<\/p>\n<p class=\"pkategori\">MATERIAL<\/p>\n<p><a class=\"btnkesfet\" title=\"Daha Fazlas\u0131n\u0131 Ke\u015ffet\" href=\"http:\/\/altismobilya.com\/en\/duvar-kaplama\/kumas-duvar-kagidi\/\">Discover More  &gt;<\/a><\/p>\n\t\t\t\t\t<\/div>\r\n\t\t\t\t<\/div>\r\n\r\n\t\t\t<\/div>\r\n\r\n\r\n\t\t<\/div><\/div><\/div><div class=\"wpb_column vc_column_container vc_col-sm-4\"><div class=\"vc_column-inner\"><div class=\"wpb_wrapper\">\r\n\t\t\t<div class=\"promo-banner text-left vertical-alignment-top banner- hover-1 color-scheme-light\"  >\r\n\r\n\t\t\t\t<div class=\"main-wrapp-img\">\r\n\t\t\t\t\t<div class=\"banner-image\">\r\n\t\t\t\t\t\t\t\t\t\t\t\t\t\t\t\t\t\t\t\t\t<img width=\"344\" height=\"515\" src=\"data:image\/jpg;base64,\/9j\/4AAQSkZJRgABAQAAAQABAAD\/\/gA7Q1JFQVRPUjogZ2QtanBlZyB2MS4wICh1c2luZyBJSkcgSlBFRyB2OTApLCBxdWFsaXR5ID0gODIK\/9sAQwAGBAQFBAQGBQUFBgYGBwkOCQkICAkSDQ0KDhUSFhYVEhQUFxohHBcYHxkUFB0nHR8iIyUlJRYcKSwoJCshJCUk\/9sAQwEGBgYJCAkRCQkRJBgUGCQkJCQkJCQkJCQkJCQkJCQkJCQkJCQkJCQkJCQkJCQkJCQkJCQkJCQkJCQkJCQkJCQk\/8AAEQgADwAKAwEiAAIRAQMRAf\/EAB8AAAEFAQEBAQEBAAAAAAAAAAABAgMEBQYHCAkKC\/\/EALUQAAIBAwMCBAMFBQQEAAABfQECAwAEEQUSITFBBhNRYQcicRQygZGhCCNCscEVUtHwJDNicoIJChYXGBkaJSYnKCkqNDU2Nzg5OkNERUZHSElKU1RVVldYWVpjZGVmZ2hpanN0dXZ3eHl6g4SFhoeIiYqSk5SVlpeYmZqio6Slpqeoqaqys7S1tre4ubrCw8TFxsfIycrS09TV1tfY2drh4uPk5ebn6Onq8fLz9PX29\/j5+v\/EAB8BAAMBAQEBAQEBAQEAAAAAAAABAgMEBQYHCAkKC\/\/EALURAAIBAgQEAwQHBQQEAAECdwABAgMRBAUhMQYSQVEHYXETIjKBCBRCkaGxwQkjM1LwFWJy0QoWJDThJfEXGBkaJicoKSo1Njc4OTpDREVGR0hJSlNUVVZXWFlaY2RlZmdoaWpzdHV2d3h5eoKDhIWGh4iJipKTlJWWl5iZmqKjpKWmp6ipqrKztLW2t7i5usLDxMXGx8jJytLT1NXW19jZ2uLj5OXm5+jp6vLz9PX29\/j5+v\/aAAwDAQACEQMRAD8A1NVvV\/s2ItIscf3BAxDODkk5J5PHrXNF4ychDj\/cFWdS\/tXQNSWPToYdZWU7vOuAF2EgjCqx4PbPfPatJPEevIiqPA9icDH\/AB8J\/wDFVwRgdUmf\/9k=\" class=\"promo-banner-image image-1 attachment-full basel-lazy-load basel-lazy-fade\" alt=\"\" loading=\"lazy\" srcset=\"\" sizes=\"(max-width: 344px) 100vw, 344px\" data-basel-src=\"https:\/\/altismobilya.com\/wp-content\/uploads\/2020\/05\/zig-zag-multicolore-6335b9a76a31be74.jpg\" data-srcset=\"https:\/\/altismobilya.com\/wp-content\/uploads\/2020\/05\/zig-zag-multicolore-6335b9a76a31be74.jpg 344w, https:\/\/altismobilya.com\/wp-content\/uploads\/2020\/05\/zig-zag-multicolore-6335b9a76a31be74-200x300.jpg 200w\" \/>\t\t\t\t\t\t\t\t\t\t\t\t\t\t\t\t\t\t<\/div>\r\n\t\t\t\t<\/div>\r\n\r\n\t\t\t\t<div class=\"wrapper-content-baner\">\r\n\t\t\t\t\t<div class=\"banner-inner\">\r\n\t\t\t\t\t\t<\/p>\n<p class=\"pkategori\">V\u0130N\u0130L<\/p>\n<p><a class=\"btnkesfet\" title=\"Daha Fazlas\u0131n\u0131 Ke\u015ffet\" href=\"https:\/\/altismobilya.com\/en\/duvar-kaplama\/vinil-duvar-kagidi\/\">Discover More  &gt;<\/a><\/p>\n\t\t\t\t\t<\/div>\r\n\t\t\t\t<\/div>\r\n\r\n\t\t\t<\/div>\r\n\r\n\r\n\t\t<\/div><\/div><\/div><div class=\"wpb_column vc_column_container vc_col-sm-4\"><div class=\"vc_column-inner\"><div class=\"wpb_wrapper\">\r\n\t\t\t<div class=\"promo-banner text-left vertical-alignment-top banner- hover-1 color-scheme-light\"  >\r\n\r\n\t\t\t\t<div class=\"main-wrapp-img\">\r\n\t\t\t\t\t<div class=\"banner-image\">\r\n\t\t\t\t\t\t\t\t\t\t\t\t\t\t\t\t\t\t\t\t\t<img width=\"800\" height=\"1200\" src=\"data:image\/jpg;base64,\/9j\/4AAQSkZJRgABAQAAAQABAAD\/\/gA7Q1JFQVRPUjogZ2QtanBlZyB2MS4wICh1c2luZyBJSkcgSlBFRyB2OTApLCBxdWFsaXR5ID0gODIK\/9sAQwAGBAQFBAQGBQUFBgYGBwkOCQkICAkSDQ0KDhUSFhYVEhQUFxohHBcYHxkUFB0nHR8iIyUlJRYcKSwoJCshJCUk\/9sAQwEGBgYJCAkRCQkRJBgUGCQkJCQkJCQkJCQkJCQkJCQkJCQkJCQkJCQkJCQkJCQkJCQkJCQkJCQkJCQkJCQkJCQk\/8AAEQgADwAKAwEiAAIRAQMRAf\/EAB8AAAEFAQEBAQEBAAAAAAAAAAABAgMEBQYHCAkKC\/\/EALUQAAIBAwMCBAMFBQQEAAABfQECAwAEEQUSITFBBhNRYQcicRQygZGhCCNCscEVUtHwJDNicoIJChYXGBkaJSYnKCkqNDU2Nzg5OkNERUZHSElKU1RVVldYWVpjZGVmZ2hpanN0dXZ3eHl6g4SFhoeIiYqSk5SVlpeYmZqio6Slpqeoqaqys7S1tre4ubrCw8TFxsfIycrS09TV1tfY2drh4uPk5ebn6Onq8fLz9PX29\/j5+v\/EAB8BAAMBAQEBAQEBAQEAAAAAAAABAgMEBQYHCAkKC\/\/EALURAAIBAgQEAwQHBQQEAAECdwABAgMRBAUhMQYSQVEHYXETIjKBCBRCkaGxwQkjM1LwFWJy0QoWJDThJfEXGBkaJicoKSo1Njc4OTpDREVGR0hJSlNUVVZXWFlaY2RlZmdoaWpzdHV2d3h5eoKDhIWGh4iJipKTlJWWl5iZmqKjpKWmp6ipqrKztLW2t7i5usLDxMXGx8jJytLT1NXW19jZ2uLj5OXm5+jp6vLz9PX29\/j5+v\/aAAwDAQACEQMRAD8A6N20XSp4Fgu0aEKqSIqhuSPvAj0wQastc6QGI\/tG1HPQuvFeaeKvDfjOwFssljbSxIrKBDcqwxgYPz7TkfN2I56Vy5t\/E+Tuspye58+Dn\/x2o+spaWZKpSep\/9k=\" class=\"promo-banner-image image-1 attachment-full basel-lazy-load basel-lazy-fade\" alt=\"\" loading=\"lazy\" srcset=\"\" sizes=\"(max-width: 800px) 100vw, 800px\" data-basel-src=\"https:\/\/altismobilya.com\/wp-content\/uploads\/2020\/05\/paradise-found-29345cff47894a066.jpg\" data-srcset=\"https:\/\/altismobilya.com\/wp-content\/uploads\/2020\/05\/paradise-found-29345cff47894a066.jpg 800w, https:\/\/altismobilya.com\/wp-content\/uploads\/2020\/05\/paradise-found-29345cff47894a066-200x300.jpg 200w, https:\/\/altismobilya.com\/wp-content\/uploads\/2020\/05\/paradise-found-29345cff47894a066-768x1152.jpg 768w, https:\/\/altismobilya.com\/wp-content\/uploads\/2020\/05\/paradise-found-29345cff47894a066-683x1024.jpg 683w\" \/>\t\t\t\t\t\t\t\t\t\t\t\t\t\t\t\t\t\t<\/div>\r\n\t\t\t\t<\/div>\r\n\r\n\t\t\t\t<div class=\"wrapper-content-baner\">\r\n\t\t\t\t\t<div class=\"banner-inner\">\r\n\t\t\t\t\t\t<\/p>\n<p class=\"pkategori\">PANO<\/p>\n<p><a class=\"btnkesfet\" title=\"Daha Fazlas\u0131n\u0131 Ke\u015ffet\" href=\"http:\/\/altismobilya.com\/en\/duvar-kaplama\/pano-duvar-kagidi\/\">Discover More  &gt;<\/a><\/p>\n\t\t\t\t\t<\/div>\r\n\t\t\t\t<\/div>\r\n\r\n\t\t\t<\/div>\r\n\r\n\r\n\t\t<\/div><\/div><\/div><\/div><div class=\"vc_row wpb_row vc_inner vc_row-fluid title\"><div class=\"wpb_column vc_column_container vc_col-sm-4\"><div class=\"vc_column-inner vc_custom_1583742020038\"><div class=\"wpb_wrapper\">\r\n\t\t\t<div class=\"promo-banner text-left vertical-alignment-top banner- hover-1 color-scheme-light\"  >\r\n\r\n\t\t\t\t<div class=\"main-wrapp-img\">\r\n\t\t\t\t\t<div class=\"banner-image\">\r\n\t\t\t\t\t\t\t\t\t\t\t\t\t\t\t\t\t\t\t\t\t<img width=\"535\" height=\"803\" src=\"data:image\/jpg;base64,\/9j\/4AAQSkZJRgABAQAAAQABAAD\/\/gA7Q1JFQVRPUjogZ2QtanBlZyB2MS4wICh1c2luZyBJSkcgSlBFRyB2OTApLCBxdWFsaXR5ID0gODIK\/9sAQwAGBAQFBAQGBQUFBgYGBwkOCQkICAkSDQ0KDhUSFhYVEhQUFxohHBcYHxkUFB0nHR8iIyUlJRYcKSwoJCshJCUk\/9sAQwEGBgYJCAkRCQkRJBgUGCQkJCQkJCQkJCQkJCQkJCQkJCQkJCQkJCQkJCQkJCQkJCQkJCQkJCQkJCQkJCQkJCQk\/8AAEQgAEAAKAwEiAAIRAQMRAf\/EAB8AAAEFAQEBAQEBAAAAAAAAAAABAgMEBQYHCAkKC\/\/EALUQAAIBAwMCBAMFBQQEAAABfQECAwAEEQUSITFBBhNRYQcicRQygZGhCCNCscEVUtHwJDNicoIJChYXGBkaJSYnKCkqNDU2Nzg5OkNERUZHSElKU1RVVldYWVpjZGVmZ2hpanN0dXZ3eHl6g4SFhoeIiYqSk5SVlpeYmZqio6Slpqeoqaqys7S1tre4ubrCw8TFxsfIycrS09TV1tfY2drh4uPk5ebn6Onq8fLz9PX29\/j5+v\/EAB8BAAMBAQEBAQEBAQEAAAAAAAABAgMEBQYHCAkKC\/\/EALURAAIBAgQEAwQHBQQEAAECdwABAgMRBAUhMQYSQVEHYXETIjKBCBRCkaGxwQkjM1LwFWJy0QoWJDThJfEXGBkaJicoKSo1Njc4OTpDREVGR0hJSlNUVVZXWFlaY2RlZmdoaWpzdHV2d3h5eoKDhIWGh4iJipKTlJWWl5iZmqKjpKWmp6ipqrKztLW2t7i5usLDxMXGx8jJytLT1NXW19jZ2uLj5OXm5+jp6vLz9PX29\/j5+v\/aAAwDAQACEQMRAD8Aw93UZP5038U\/OgsecBz+WKUeYQP3Un5j\/CqOY\/\/Z\" class=\"promo-banner-image image-1 attachment-full basel-lazy-load basel-lazy-fade\" alt=\"\" loading=\"lazy\" srcset=\"\" sizes=\"(max-width: 535px) 100vw, 535px\" data-basel-src=\"https:\/\/altismobilya.com\/wp-content\/uploads\/2020\/05\/sisal.jpg\" data-srcset=\"https:\/\/altismobilya.com\/wp-content\/uploads\/2020\/05\/sisal.jpg 535w, https:\/\/altismobilya.com\/wp-content\/uploads\/2020\/05\/sisal-200x300.jpg 200w\" \/>\t\t\t\t\t\t\t\t\t\t\t\t\t\t\t\t\t\t<\/div>\r\n\t\t\t\t<\/div>\r\n\r\n\t\t\t\t<div class=\"wrapper-content-baner\">\r\n\t\t\t\t\t<div class=\"banner-inner\">\r\n\t\t\t\t\t\t<\/p>\n<p class=\"pkategori\">NATURAL WICK AND<br \/>\nCORK<\/p>\n<p><a class=\"btnkesfet\" title=\"Daha Fazlas\u0131n\u0131 Ke\u015ffet\" href=\"http:\/\/altismobilya.com\/en\/duvar-kaplama\/dogal-hasir-ve-mantar-duvar-kagidi\/\">Discover More  &gt;<\/a><\/p>\n\t\t\t\t\t<\/div>\r\n\t\t\t\t<\/div>\r\n\r\n\t\t\t<\/div>\r\n\r\n\r\n\t\t<\/div><\/div><\/div><div class=\"wpb_column vc_column_container vc_col-sm-4\"><div class=\"vc_column-inner\"><div class=\"wpb_wrapper\">\r\n\t\t\t<div class=\"promo-banner text-left vertical-alignment-top banner- hover-1 color-scheme-light mobilya_banner\"  >\r\n\r\n\t\t\t\t<div class=\"main-wrapp-img\">\r\n\t\t\t\t\t<div class=\"banner-image\">\r\n\t\t\t\t\t\t\t\t\t\t\t\t\t\t\t\t\t\t\t\t\t<img width=\"800\" height=\"1200\" src=\"data:image\/jpg;base64,\/9j\/4AAQSkZJRgABAQAAAQABAAD\/\/gA7Q1JFQVRPUjogZ2QtanBlZyB2MS4wICh1c2luZyBJSkcgSlBFRyB2OTApLCBxdWFsaXR5ID0gODIK\/9sAQwAGBAQFBAQGBQUFBgYGBwkOCQkICAkSDQ0KDhUSFhYVEhQUFxohHBcYHxkUFB0nHR8iIyUlJRYcKSwoJCshJCUk\/9sAQwEGBgYJCAkRCQkRJBgUGCQkJCQkJCQkJCQkJCQkJCQkJCQkJCQkJCQkJCQkJCQkJCQkJCQkJCQkJCQkJCQkJCQk\/8AAEQgADwAKAwEiAAIRAQMRAf\/EAB8AAAEFAQEBAQEBAAAAAAAAAAABAgMEBQYHCAkKC\/\/EALUQAAIBAwMCBAMFBQQEAAABfQECAwAEEQUSITFBBhNRYQcicRQygZGhCCNCscEVUtHwJDNicoIJChYXGBkaJSYnKCkqNDU2Nzg5OkNERUZHSElKU1RVVldYWVpjZGVmZ2hpanN0dXZ3eHl6g4SFhoeIiYqSk5SVlpeYmZqio6Slpqeoqaqys7S1tre4ubrCw8TFxsfIycrS09TV1tfY2drh4uPk5ebn6Onq8fLz9PX29\/j5+v\/EAB8BAAMBAQEBAQEBAQEAAAAAAAABAgMEBQYHCAkKC\/\/EALURAAIBAgQEAwQHBQQEAAECdwABAgMRBAUhMQYSQVEHYXETIjKBCBRCkaGxwQkjM1LwFWJy0QoWJDThJfEXGBkaJicoKSo1Njc4OTpDREVGR0hJSlNUVVZXWFlaY2RlZmdoaWpzdHV2d3h5eoKDhIWGh4iJipKTlJWWl5iZmqKjpKWmp6ipqrKztLW2t7i5usLDxMXGx8jJytLT1NXW19jZ2uLj5OXm5+jp6vLz9PX29\/j5+v\/aAAwDAQACEQMRAD8A19b0XTrFUt7SSyiwMuszFeDkLg9M5Fcq+l2+9v3sPU9GFaOoeH5PEGiJqd1FMFlYCNmcH5QB\/Du\/vf415zP8KoJ55JXursM7FjgLjJP+9XBGUHuzsal0R\/\/Z\" class=\"promo-banner-image image-1 attachment-full basel-lazy-load basel-lazy-fade\" alt=\"\" loading=\"lazy\" srcset=\"\" sizes=\"(max-width: 800px) 100vw, 800px\" data-basel-src=\"https:\/\/altismobilya.com\/wp-content\/uploads\/2020\/05\/glaze-6235b9a6d8c1e9f2.jpg\" data-srcset=\"https:\/\/altismobilya.com\/wp-content\/uploads\/2020\/05\/glaze-6235b9a6d8c1e9f2.jpg 800w, https:\/\/altismobilya.com\/wp-content\/uploads\/2020\/05\/glaze-6235b9a6d8c1e9f2-200x300.jpg 200w, https:\/\/altismobilya.com\/wp-content\/uploads\/2020\/05\/glaze-6235b9a6d8c1e9f2-768x1152.jpg 768w, https:\/\/altismobilya.com\/wp-content\/uploads\/2020\/05\/glaze-6235b9a6d8c1e9f2-683x1024.jpg 683w\" \/>\t\t\t\t\t\t\t\t\t\t\t\t\t\t\t\t\t\t<\/div>\r\n\t\t\t\t<\/div>\r\n\r\n\t\t\t\t<div class=\"wrapper-content-baner\">\r\n\t\t\t\t\t<div class=\"banner-inner\">\r\n\t\t\t\t\t\t<\/p>\n<p class=\"pkategori\">NON-WOVEN<\/p>\n<p><a class=\"btnkesfet\" title=\"Daha Fazlas\u0131n\u0131 Ke\u015ffet\" href=\"http:\/\/altismobilya.com\/en\/duvar-kaplama\/non-woven-duvar-kagidi\/\">Discover More  &gt;<\/a><\/p>\n\t\t\t\t\t<\/div>\r\n\t\t\t\t<\/div>\r\n\r\n\t\t\t<\/div>\r\n\r\n\r\n\t\t<\/div><\/div><\/div><div class=\"wpb_column vc_column_container vc_col-sm-4\"><div class=\"vc_column-inner\"><div class=\"wpb_wrapper\"><\/div><\/div><\/div><\/div><\/div><\/div><\/div><\/div>","protected":false},"excerpt":{"rendered":"DUVAR KAPLAMA KUMA\u015e Daha Fazlas\u0131n\u0131 Ke\u015ffet\u00a0 \u00a0 \u00a0&gt; V\u0130N\u0130L Daha Fazlas\u0131n\u0131 Ke\u015ffet\u00a0 \u00a0 \u00a0&gt; PANO Daha Fazlas\u0131n\u0131 Ke\u015ffet\u00a0 \u00a0 \u00a0&gt;","protected":false},"author":1,"featured_media":0,"parent":0,"menu_order":0,"comment_status":"closed","ping_status":"closed","template":"","meta":[],"_links":{"self":[{"href":"https:\/\/altismobilya.com\/en\/wp-json\/wp\/v2\/pages\/2183"}],"collection":[{"href":"https:\/\/altismobilya.com\/en\/wp-json\/wp\/v2\/pages"}],"about":[{"href":"https:\/\/altismobilya.com\/en\/wp-json\/wp\/v2\/types\/page"}],"author":[{"embeddable":true,"href":"https:\/\/altismobilya.com\/en\/wp-json\/wp\/v2\/users\/1"}],"replies":[{"embeddable":true,"href":"https:\/\/altismobilya.com\/en\/wp-json\/wp\/v2\/comments?post=2183"}],"version-history":[{"count":16,"href":"https:\/\/altismobilya.com\/en\/wp-json\/wp\/v2\/pages\/2183\/revisions"}],"predecessor-version":[{"id":4229,"href":"https:\/\/altismobilya.com\/en\/wp-json\/wp\/v2\/pages\/2183\/revisions\/4229"}],"wp:attachment":[{"href":"https:\/\/altismobilya.com\/en\/wp-json\/wp\/v2\/media?parent=2183"}],"curies":[{"name":"wp","href":"https:\/\/api.w.org\/{rel}","templated":true}]}}